{"id":7339,"date":"2013-12-16T09:57:42","date_gmt":"2013-12-16T08:57:42","guid":{"rendered":"https:\/\/www.skydive-ameland.nl\/?page_id=7339"},"modified":"2019-07-31T14:01:52","modified_gmt":"2019-07-31T12:01:52","slug":"home","status":"publish","type":"page","link":"https:\/\/www.skydive-ameland.nl\/de\/","title":{"rendered":"Home"},"content":{"rendered":"<div class=\"slider-wrapper relative\" id=\"slider-359138608\" >\n    <div class=\"slider slider-nav-circle slider-nav-large slider-nav-light slider-style-normal\"\n        data-flickity-options='{\n            \"cellAlign\": \"center\",\n            \"imagesLoaded\": true,\n            \"lazyLoad\": 1,\n            \"freeScroll\": false,\n            \"wrapAround\": true,\n            \"autoPlay\": 6000,\n            \"pauseAutoPlayOnHover\" : true,\n            \"prevNextButtons\": true,\n            \"contain\" : true,\n            \"adaptiveHeight\" : true,\n            \"dragThreshold\" : 10,\n            \"percentPosition\": true,\n            \"pageDots\": true,\n            \"rightToLeft\": false,\n            \"draggable\": true,\n            \"selectedAttraction\": 0.1,\n            \"parallax\" : 0,\n            \"friction\": 0.6        }'\n        >\n        \n\n  <div class=\"banner has-hover S1lWsUtUvO0 has-video\" id=\"banner-1727734161\">\n          <div class=\"banner-inner fill\">\n        <div class=\"banner-bg fill\" >\n            <img loading=\"lazy\" decoding=\"async\" width=\"1020\" height=\"573\" src=\"https:\/\/www.skydive-ameland.nl\/wp-content\/uploads\/tandem-skydive-ameland-duosprong.jpg\" class=\"bg attachment-large size-large\" alt=\"tandem skydive in vrijeval boven ameland\" \/>            \t<div class=\"video-overlay no-click fill hide-for-medium\"><\/div>\n\t<video class=\"video-bg fill hide-for-medium\" preload playsinline autoplay muted loop>\n\t\t<source src=\"http:\/\/skydive-ameland.nl\/video\/skydive-ameland.mp4\" type=\"video\/mp4\">\t<\/video>\n            <div class=\"overlay\"><\/div>            \n                    <\/div>\n\t\t\n        <div class=\"banner-layers container\">\n            <div class=\"fill banner-link\"><\/div>            \n   <div id=\"text-box-1063570231\" class=\"text-box banner-layer x50 md-x50 lg-x50 y50 md-y85 lg-y50 res-text\">\n              <div data-parallax=\"-1\" data-parallax-fade=\"true\">       <div data-animate=\"bounceIn\">           <div class=\"text-box-content text dark\">\n              \n              <div class=\"text-inner text-center\">\n                  \n<p class=\"alt-font\"><span style=\"font-size: 160%;\">Grenzenlose Freiheit!<\/span><\/p>\n<h2 class=\"uppercase\"><strong><span style=\"font-size: 200%;\" data-line-height=\"xs\">tandem sprung<\/span><\/strong><\/h2>\n<h3 class=\"lead uppercase\">\u00dcber <strong>Ameland<\/strong><\/h3>\n<a href=\"https:\/\/bookings.burblesoft.eu\/6124\/18\" target=\"_blank\" class=\"button alert\" rel=\"noopener\"  style=\"border-radius:99px;\">\n\t\t<span>Sofort buchen!<\/span>\n\t<\/a>\n\n              <\/div>\n           <\/div>\n       <\/div>       <\/div>              \n<style>\n#text-box-1063570231 {\n  width: 80%;\n}\n#text-box-1063570231 .text-box-content {\n  font-size: 100%;\n}\n@media (min-width:550px) {\n  #text-box-1063570231 {\n    width: 51%;\n  }\n}\n@media (min-width:850px) {\n  #text-box-1063570231 {\n    width: 62%;\n  }\n}\n<\/style>\n    <\/div>\n \n        <\/div>\n      <\/div>\n\n            \n<style>\n#banner-1727734161 {\n  padding-top: 140%;\n}\n#banner-1727734161 .overlay {\n  background-color: rgba(0, 0, 0, 0.31);\n}\n@media (min-width:550px) {\n  #banner-1727734161 {\n    padding-top: 70%;\n  }\n}\n@media (min-width:850px) {\n  #banner-1727734161 {\n    padding-top: 56.25%;\n  }\n}\n<\/style>\n  <\/div>\n\n\n     <\/div>\n\n     <div class=\"loading-spin dark large centered\"><\/div>\n\n\t<\/div>\n\n\n<div class=\"is-divider divider clearfix\" style=\"margin-top:0em;margin-bottom:0em;max-width:100%;height:12px;background-color:rgb(210, 31, 39);\"><\/div>\n<div class=\"row row-collapse row-full-width\"  id=\"row-1132972303\">\n\n\t<div id=\"col-1322291543\" class=\"col medium-3 small-12 large-3\"  >\n\t\t\t\t<div class=\"col-inner\"  >\n\t\t\t\n\t\t\t\n\n  <div class=\"banner has-hover bg-overlay-remove-50\" id=\"banner-2114934547\">\n          <div class=\"banner-inner fill\">\n        <div class=\"banner-bg fill\" >\n            <img loading=\"lazy\" decoding=\"async\" width=\"1020\" height=\"573\" src=\"https:\/\/www.skydive-ameland.nl\/wp-content\/uploads\/tandem-skydive-ameland-duosprong.jpg\" class=\"bg attachment-large size-large\" alt=\"tandem skydive in vrijeval boven ameland\" \/>                        <div class=\"overlay\"><\/div>            \n                    <\/div>\n\t\t\n        <div class=\"banner-layers container\">\n            <div class=\"fill banner-link\"><\/div>            \n   <div id=\"text-box-722651212\" class=\"text-box banner-layer x50 md-x50 lg-x50 y50 md-y50 lg-y50 res-text\">\n                                <div class=\"text-box-content text dark\">\n              \n              <div class=\"text-inner text-left\">\n                  \n<h4 class=\"uppercase\" style=\"text-align: left;\">Mit Lehrer<\/h4>\n<h2 class=\"uppercase\" style=\"text-align: left;\"><strong>Fallschirmspringen<\/strong><\/h2>\n<h4 class=\"thin-font\">Ein Tandemsprung ist die M\u00f6glichkeit, Fallschirmspringen ohne Lehrgang zu erleben.<\/h4>\n<a href=\"https:\/\/www.skydive-ameland.nl\/de\/tandem-skydive-tandemsprung\/\" class=\"button white is-outline\"  style=\"border-radius:99px;\">\n\t\t<span>mehr lesen<\/span>\n\t<\/a>\n\n              <\/div>\n           <\/div>\n                            \n<style>\n#text-box-722651212 {\n  width: 86%;\n}\n#text-box-722651212 .text-box-content {\n  font-size: 100%;\n}\n<\/style>\n    <\/div>\n \n        <\/div>\n      <\/div>\n\n            \n<style>\n#banner-2114934547 {\n  padding-top: 250px;\n}\n#banner-2114934547 .overlay {\n  background-color: rgba(0,0,0,.5);\n}\n#banner-2114934547 .banner-bg img {\n  object-position: 50% 41%;\n}\n<\/style>\n  <\/div>\n\n\n\t\t<\/div>\n\t\t\t\t\t<\/div>\n\n\t\n\n\t<div id=\"col-714311962\" class=\"col medium-3 small-12 large-3\"  >\n\t\t\t\t<div class=\"col-inner\"  >\n\t\t\t\n\t\t\t\n\n  <div class=\"banner has-hover bg-overlay-remove-50\" id=\"banner-657598443\">\n          <div class=\"banner-inner fill\">\n        <div class=\"banner-bg fill\" >\n            <img loading=\"lazy\" decoding=\"async\" width=\"702\" height=\"400\" src=\"https:\/\/www.skydive-ameland.nl\/wp-content\/uploads\/static-line-exit-ameland-1400-702x400.jpg\" class=\"bg attachment-medium size-medium\" alt=\"\" \/>                        <div class=\"overlay\"><\/div>            \n                    <\/div>\n\t\t\n        <div class=\"banner-layers container\">\n            <div class=\"fill banner-link\"><\/div>            \n   <div id=\"text-box-402802705\" class=\"text-box banner-layer x50 md-x50 lg-x50 y50 md-y50 lg-y50 res-text\">\n                                <div class=\"text-box-content text dark\">\n              \n              <div class=\"text-inner text-left\">\n                  \n<h4 class=\"uppercase\" style=\"text-align: left;\">Lerne selber Fallschirmspringen<\/h4>\n<h2 class=\"uppercase\" style=\"text-align: left;\"><strong>Skydive Ausbildung\u00a0<\/strong><\/h2>\n<h4 class=\"thin-font\">Auf der Suche nach einem spannenden, neuen Sport und das in Kombination mit einem (Strand) Urlaub?<\/h4>\n<a href=\"https:\/\/www.skydive-ameland.nl\/de\/static-line-parachute-sprung-ausbildung\/\" class=\"button white is-outline\"  style=\"border-radius:99px;\">\n\t\t<span>mehr lesen<\/span>\n\t<\/a>\n\n              <\/div>\n           <\/div>\n                            \n<style>\n#text-box-402802705 {\n  width: 86%;\n}\n#text-box-402802705 .text-box-content {\n  font-size: 100%;\n}\n<\/style>\n    <\/div>\n \n        <\/div>\n      <\/div>\n\n            \n<style>\n#banner-657598443 {\n  padding-top: 250px;\n}\n#banner-657598443 .overlay {\n  background-color: rgba(0,0,0,.5);\n}\n#banner-657598443 .banner-bg img {\n  object-position: 50% 49%;\n}\n<\/style>\n  <\/div>\n\n\n\t\t<\/div>\n\t\t\t\t\t<\/div>\n\n\t\n\n\t<div id=\"col-730461878\" class=\"col medium-3 small-12 large-3\"  >\n\t\t\t\t<div class=\"col-inner\"  >\n\t\t\t\n\t\t\t\n\n  <div class=\"banner has-hover bg-overlay-remove-50\" id=\"banner-1600830185\">\n          <div class=\"banner-inner fill\">\n        <div class=\"banner-bg fill\" >\n            <img loading=\"lazy\" decoding=\"async\" width=\"1020\" height=\"658\" src=\"https:\/\/www.skydive-ameland.nl\/wp-content\/uploads\/skydive-ameland-sunset-tandem-landing-1400-e1536311270222.jpg\" class=\"bg attachment-large size-large\" alt=\"\" \/>                        <div class=\"overlay\"><\/div>            \n                    <\/div>\n\t\t\n        <div class=\"banner-layers container\">\n            <div class=\"fill banner-link\"><\/div>            \n   <div id=\"text-box-1717100109\" class=\"text-box banner-layer x50 md-x50 lg-x50 y50 md-y50 lg-y50 res-text\">\n                                <div class=\"text-box-content text dark\">\n              \n              <div class=\"text-inner text-left\">\n                  \n<h4 class=\"uppercase\" style=\"text-align: left;\">H\u00e4ufig gestellte Fragen<\/h4>\n<h2 class=\"uppercase\" style=\"text-align: left;\"><strong>F.A.Q.<\/strong><\/h2>\n<h4 class=\"thin-font\">Finde hier die Antworten auf die am h\u00e4ufigsten gestellten Fragen.<\/h4>\n<a href=\"https:\/\/www.skydive-ameland.nl\/de\/haeufig-gestellte-fragen\/\" class=\"button white is-outline\"  style=\"border-radius:99px;\">\n\t\t<span>mehr lesen<\/span>\n\t<\/a>\n\n              <\/div>\n           <\/div>\n                            \n<style>\n#text-box-1717100109 {\n  width: 86%;\n}\n#text-box-1717100109 .text-box-content {\n  font-size: 100%;\n}\n<\/style>\n    <\/div>\n \n        <\/div>\n      <\/div>\n\n            \n<style>\n#banner-1600830185 {\n  padding-top: 250px;\n}\n#banner-1600830185 .overlay {\n  background-color: rgba(0,0,0,.5);\n}\n#banner-1600830185 .banner-bg img {\n  object-position: 51% 47%;\n}\n<\/style>\n  <\/div>\n\n\n\t\t<\/div>\n\t\t\t\t\t<\/div>\n\n\t\n\n\t<div id=\"col-855137176\" class=\"col medium-3 small-12 large-3\"  >\n\t\t\t\t<div class=\"col-inner\"  >\n\t\t\t\n\t\t\t\n\n  <div class=\"banner has-hover bg-overlay-remove-50\" id=\"banner-1033117794\">\n          <div class=\"banner-inner fill\">\n        <div class=\"banner-bg fill\" >\n            <img loading=\"lazy\" decoding=\"async\" width=\"800\" height=\"395\" src=\"https:\/\/www.skydive-ameland.nl\/wp-content\/uploads\/ph-oii-boven-ameland-skydive-vlucht-800x395.jpg\" class=\"bg attachment-medium size-medium\" alt=\"\" \/>                        <div class=\"overlay\"><\/div>            \n                    <\/div>\n\t\t\n        <div class=\"banner-layers container\">\n            <div class=\"fill banner-link\"><\/div>            \n   <div id=\"text-box-379796869\" class=\"text-box banner-layer x50 md-x50 lg-x50 y50 md-y50 lg-y50 res-text\">\n                                <div class=\"text-box-content text dark\">\n              \n              <div class=\"text-inner text-left\">\n                  \n<h4 class=\"uppercase\"><a href=\"#\">Route, Adresse &amp; zeiten<\/a><\/h4>\n<h2 class=\"uppercase\"><a href=\"#\"><strong>gesch\u00e4ftsdaten<\/strong><\/a><\/h2>\n<h4 class=\"thin-font\"><a href=\"https:\/\/www.skydive-ameland.nl\/de\/kontakt\/\">Lies hier wie du uns finden kannst, unsere \u00d6ffnungszeiten und wie du mit uns in Kontakt aufnimmst.<\/a><\/h4>\n<a href=\"https:\/\/www.skydive-ameland.nl\/de\/kontakt\/\" class=\"button white is-outline\"  style=\"border-radius:99px;\">\n\t\t<span>mehr lesen<\/span>\n\t<\/a>\n\n              <\/div>\n           <\/div>\n                            \n<style>\n#text-box-379796869 {\n  width: 86%;\n}\n#text-box-379796869 .text-box-content {\n  font-size: 100%;\n}\n<\/style>\n    <\/div>\n \n        <\/div>\n      <\/div>\n\n            \n<style>\n#banner-1033117794 {\n  padding-top: 250px;\n}\n#banner-1033117794 .overlay {\n  background-color: rgba(0,0,0,.5);\n}\n#banner-1033117794 .banner-bg img {\n  object-position: 80% 53%;\n}\n<\/style>\n  <\/div>\n\n\n\t\t<\/div>\n\t\t\t\t\t<\/div>\n\n\t\n<\/div>\n\n\t<section class=\"section\" id=\"section_97266034\">\n\t\t<div class=\"section-bg fill\" >\n\t\t\t\t\t\t\t\t\t\n\t\t\t\n\t<div class=\"is-border\"\n\t\tstyle=\"border-width:0px 0px 0px 0px;margin:0px 0px 0px 0px;\">\n\t<\/div>\n\n\t\t<\/div>\n\n\t\t\n\n\t\t<div class=\"section-content relative\">\n\t\t\t\n<div class=\"row align-center\"  id=\"row-1965902277\">\n\n\t<div id=\"col-763755554\" class=\"col medium-9 small-12 large-9\"  >\n\t\t\t\t<div class=\"col-inner text-center\"  >\n\t\t\t\n\t\t\t\n<div class=\"container section-title-container\" ><h3 class=\"section-title section-title-center\"><b><\/b><span class=\"section-title-main\" style=\"color:rgb(206, 20, 20);\">Skydive Ameland<\/span><b><\/b><\/h3><\/div>\n\t\t<\/div>\n\t\t\t\t\n<style>\n#col-763755554 > .col-inner {\n  padding: 21px 0px 0px 0px;\n  margin: 0px 0px -33px 0px;\n}\n<\/style>\n\t<\/div>\n\n\t\n<\/div>\n<div class=\"row\"  id=\"row-1317357845\">\n\n\t<div id=\"col-28741481\" class=\"col medium-9 small-12 large-9\"  >\n\t\t\t\t<div class=\"col-inner\"  >\n\t\t\t\n\t\t\t\n<h1 class=\"uppercase thin-font\"><span style=\"font-size: 60%;\">Skydive ameland ist das paracentrum auf ameland<\/span><\/h1>\n<p>Fallschirmspringen ist einen unvergessliche Sensation die Spa\u00df macht und deshalb tun wir es auch so gerne. Au\u00dferdem befinden wir uns hier \u00fcber eine der sch\u00f6nsten Absprunggebiete der Niederlande: Ameland!<\/p>\n<p>F\u00fcge eine geniale Erfahrung an deinen Aufenthalt auf Ameland zu und genie\u00dfe die tolle Aussicht auf unsere sch\u00f6ne Insel!<\/p>\n\t\t<\/div>\n\t\t\t\t\t<\/div>\n\n\t\n\n\t<div id=\"col-104357310\" class=\"col medium-3 small-12 large-3\"  >\n\t\t\t\t<div class=\"col-inner\"  >\n\t\t\t\n\t\t\t\n<a href=\"https:\/\/bookings.burblesoft.eu\/index\/6124\/18\" target=\"_blank\" class=\"button alert is-small box-shadow-1-hover expand\" rel=\"noopener\"  style=\"border-radius:99px;\">\n\t\t<span>Tandemsprung buchen<\/span>\n\t<\/a>\n\r\n\r\n<a href=\"https:\/\/www.skydive-ameland.nl\/de\/gutschein-kaufen\/\" class=\"button alert is-small box-shadow-1-hover expand\"  style=\"border-radius:99px;\">\n\t\t<span>Geschenkgutschein kaufen<\/span>\n\t<\/a>\n\r\n\r\n<div class=\"social-icons follow-icons full-width text-center\" ><a href=\"http:\/\/www.facebook.com\/SkydiveAmeland\" target=\"_blank\" data-label=\"Facebook\" class=\"icon primary button circle facebook tooltip\" title=\"Auf Facebook folgen\" aria-label=\"Auf Facebook folgen\" rel=\"noopener nofollow\" ><i class=\"icon-facebook\" ><\/i><\/a><\/div>\n\t\t<\/div>\n\t\t\t\t\n<style>\n#col-104357310 > .col-inner {\n  padding: 12px 0px 0px 0px;\n  margin: 0px 0px 0px 0px;\n}\n<\/style>\n\t<\/div>\n\n\t\n<\/div>\n\t\t<\/div>\n\n\t\t\n<style>\n#section_97266034 {\n  padding-top: 30px;\n  padding-bottom: 30px;\n  margin-bottom: 28px;\n}\n<\/style>\n\t<\/section>\n\t\n\n\t<section class=\"section dark has-mask mask-angled-right has-parallax\" id=\"section_1882632422\">\n\t\t<div class=\"section-bg fill\" data-parallax-container=\".section\" data-parallax-background data-parallax=\"-10\">\n\t\t\t<img loading=\"lazy\" decoding=\"async\" width=\"1079\" height=\"606\" src=\"https:\/\/www.skydive-ameland.nl\/wp-content\/uploads\/tandem-skydive-ameland-duosprong.jpg\" class=\"bg attachment- size-\" alt=\"tandem skydive in vrijeval boven ameland\" \/>\t\t\t\t\t\t<div class=\"section-bg-overlay absolute fill\"><\/div>\n\t\t\t\n\t<div class=\"is-border\"\n\t\tstyle=\"border-color:rgb(235, 235, 235);border-width:1px 0px 0px 0px;margin:0px 0px -0 0px;\">\n\t<\/div>\n\n\t\t<\/div>\n\n\t\t\n\n\t\t<div class=\"section-content relative\">\n\t\t\t\n<div class=\"row\"  id=\"row-2105465872\">\n\n\t<div id=\"col-1926993691\" class=\"col medium-5 small-12 large-5\"  >\n\t\t\t\t<div class=\"col-inner text-shadow-2\"  >\n\t\t\t\n\t\t\t\n<h2 class=\"uppercase\">tandem &#8211; fallschirmsprung<\/h2>\n<p>Ohne Ausbildung oder Kurs aus einem Flugzeug springen, den freien Fall erleben und danach unter dem Fallschirm sicher und sanft landen. F\u00fcr aller Altersgruppen und v\u00f6llig sicher. Das ist ein Tandemsprung.<\/p>\n<p>Nach einer kurzen Einweisung am Boden hebst du ab, begleitet von einem unserer professionellen Tandeminstruktoren.<\/p>\n\t\t<\/div>\n\t\t\t\t\n<style>\n#col-1926993691 > .col-inner {\n  margin: 0 0px 0px 0px;\n}\n<\/style>\n\t<\/div>\n\n\t\n\n\t<div id=\"col-1165528970\" class=\"col medium-3 small-12 large-3\"  >\n\t\t\t\t<div class=\"col-inner text-shadow-2\"  >\n\t\t\t\n\t\t\t\n<p>Du genie\u00dft erst einen Rundflug von ungef\u00e4hr 30 Minuten w\u00e4hrend das Flugzeug auf Absprungh\u00f6he steigt.<\/p>\n<p>Ihr umfliegt die ganze Insel und du erh\u00e4lst schon einmal einen kleinen Vorgeschmack auf die Aussicht die dich gleich erwartet.<\/p>\n\t\t<\/div>\n\t\t\t\t\t<\/div>\n\n\t\n\n\t<div id=\"col-2027473673\" class=\"col medium-4 small-12 large-4\"  >\n\t\t\t\t<div class=\"col-inner text-shadow-2\"  >\n\t\t\t\n\t\t\t\n<p>Circa 5 Minuten vor dem Absprung wirst du von deinem Tandeminstruktor fest eingehakt an ihm selbst und direkt am Fallschirm; das geschieht mit Hilfe von 4 Haken.<\/p>\n<p>Er \u00f6ffnet die T\u00fcr und das Abz\u00e4hlen beginnt: Ready &#8211; Set &#8211; Go!<\/p>\n<a href=\"https:\/\/www.skydive-ameland.nl\/de\/tandem-skydive-tandemsprung\/\" class=\"button white is-outline is-small box-shadow-1-hover\"  style=\"border-radius:99px;\">\n\t\t<span>mehr lesen: Tandemsprung<\/span>\n\t<\/a>\n\n\t\t<\/div>\n\t\t\t\t\t<\/div>\n\n\t\n<\/div>\n\t\t<\/div>\n\n\t\t\n<style>\n#section_1882632422 {\n  padding-top: 59px;\n  padding-bottom: 59px;\n  min-height: 300px;\n  background-color: #446084;\n}\n#section_1882632422 .section-bg-overlay {\n  background-color: rgba(0, 0, 0, 0.4);\n}\n#section_1882632422 .section-bg img {\n  object-position: 72% 53%;\n}\n<\/style>\n\t<\/section>\n\t\n\n\n","protected":false},"excerpt":{"rendered":"","protected":false},"author":1,"featured_media":10023,"parent":0,"menu_order":3,"comment_status":"closed","ping_status":"closed","template":"page-transparent-header-light.php","meta":{"footnotes":""},"class_list":["post-7339","page","type-page","status-publish","has-post-thumbnail","hentry"],"yoast_head":"<!-- This site is optimized with the Yoast SEO Premium plugin v25.4 (Yoast SEO v25.4) - https:\/\/yoast.com\/wordpress\/plugins\/seo\/ -->\n<title>Home - Tandem parachute springen boven Ameland en waddenzee<\/title>\n<meta name=\"robots\" content=\"index, follow, max-snippet:-1, max-image-preview:large, max-video-preview:-1\" \/>\n<link rel=\"canonical\" href=\"https:\/\/www.skydive-ameland.nl\/de\/\" \/>\n<meta property=\"og:locale\" content=\"de_DE\" \/>\n<meta property=\"og:type\" content=\"article\" \/>\n<meta property=\"og:title\" content=\"Home\" \/>\n<meta property=\"og:url\" content=\"https:\/\/www.skydive-ameland.nl\/de\/\" \/>\n<meta property=\"og:site_name\" content=\"Tandem parachute springen boven Ameland en waddenzee\" \/>\n<meta property=\"article:modified_time\" content=\"2019-07-31T12:01:52+00:00\" \/>\n<meta name=\"twitter:card\" content=\"summary_large_image\" \/>\n<meta name=\"twitter:label1\" content=\"Gesch\u00e4tzte Lesezeit\" \/>\n\t<meta name=\"twitter:data1\" content=\"5\u00a0Minuten\" \/>\n<script type=\"application\/ld+json\" class=\"yoast-schema-graph\">{\"@context\":\"https:\/\/schema.org\",\"@graph\":[{\"@type\":\"WebPage\",\"@id\":\"https:\/\/www.skydive-ameland.nl\/de\/\",\"url\":\"https:\/\/www.skydive-ameland.nl\/de\/\",\"name\":\"Home - Tandem parachute springen boven Ameland en waddenzee\",\"isPartOf\":{\"@id\":\"https:\/\/www.skydive-ameland.nl\/#website\"},\"primaryImageOfPage\":{\"@id\":\"https:\/\/www.skydive-ameland.nl\/de\/#primaryimage\"},\"image\":{\"@id\":\"https:\/\/www.skydive-ameland.nl\/de\/#primaryimage\"},\"thumbnailUrl\":\"https:\/\/www.skydive-ameland.nl\/wp-content\/uploads\/slider-vrijeval.jpg\",\"datePublished\":\"2013-12-16T08:57:42+00:00\",\"dateModified\":\"2019-07-31T12:01:52+00:00\",\"breadcrumb\":{\"@id\":\"https:\/\/www.skydive-ameland.nl\/de\/#breadcrumb\"},\"inLanguage\":\"de\",\"potentialAction\":[{\"@type\":\"ReadAction\",\"target\":[\"https:\/\/www.skydive-ameland.nl\/de\/\"]}]},{\"@type\":\"ImageObject\",\"inLanguage\":\"de\",\"@id\":\"https:\/\/www.skydive-ameland.nl\/de\/#primaryimage\",\"url\":\"https:\/\/www.skydive-ameland.nl\/wp-content\/uploads\/slider-vrijeval.jpg\",\"contentUrl\":\"https:\/\/www.skydive-ameland.nl\/wp-content\/uploads\/slider-vrijeval.jpg\",\"width\":1400,\"height\":1400},{\"@type\":\"BreadcrumbList\",\"@id\":\"https:\/\/www.skydive-ameland.nl\/de\/#breadcrumb\",\"itemListElement\":[{\"@type\":\"ListItem\",\"position\":1,\"name\":\"Home\",\"item\":\"https:\/\/www.skydive-ameland.nl\/de\/\"},{\"@type\":\"ListItem\",\"position\":2,\"name\":\"Home\"}]},{\"@type\":\"WebSite\",\"@id\":\"https:\/\/www.skydive-ameland.nl\/#website\",\"url\":\"https:\/\/www.skydive-ameland.nl\/\",\"name\":\"Tandem parachute springen boven Ameland en waddenzee\",\"description\":\"Maak bij het paracentrum je eerste parachutesprong door een tandemsprong te maken op Nederlands mooiste locatie. De ervaring van je leven!\",\"potentialAction\":[{\"@type\":\"SearchAction\",\"target\":{\"@type\":\"EntryPoint\",\"urlTemplate\":\"https:\/\/www.skydive-ameland.nl\/?s={search_term_string}\"},\"query-input\":{\"@type\":\"PropertyValueSpecification\",\"valueRequired\":true,\"valueName\":\"search_term_string\"}}],\"inLanguage\":\"de\"}]}<\/script>\n<!-- \/ Yoast SEO Premium plugin. -->","yoast_head_json":{"title":"Home - Tandem parachute springen boven Ameland en waddenzee","robots":{"index":"index","follow":"follow","max-snippet":"max-snippet:-1","max-image-preview":"max-image-preview:large","max-video-preview":"max-video-preview:-1"},"canonical":"https:\/\/www.skydive-ameland.nl\/de\/","og_locale":"de_DE","og_type":"article","og_title":"Home","og_url":"https:\/\/www.skydive-ameland.nl\/de\/","og_site_name":"Tandem parachute springen boven Ameland en waddenzee","article_modified_time":"2019-07-31T12:01:52+00:00","twitter_card":"summary_large_image","twitter_misc":{"Gesch\u00e4tzte Lesezeit":"5\u00a0Minuten"},"schema":{"@context":"https:\/\/schema.org","@graph":[{"@type":"WebPage","@id":"https:\/\/www.skydive-ameland.nl\/de\/","url":"https:\/\/www.skydive-ameland.nl\/de\/","name":"Home - Tandem parachute springen boven Ameland en waddenzee","isPartOf":{"@id":"https:\/\/www.skydive-ameland.nl\/#website"},"primaryImageOfPage":{"@id":"https:\/\/www.skydive-ameland.nl\/de\/#primaryimage"},"image":{"@id":"https:\/\/www.skydive-ameland.nl\/de\/#primaryimage"},"thumbnailUrl":"https:\/\/www.skydive-ameland.nl\/wp-content\/uploads\/slider-vrijeval.jpg","datePublished":"2013-12-16T08:57:42+00:00","dateModified":"2019-07-31T12:01:52+00:00","breadcrumb":{"@id":"https:\/\/www.skydive-ameland.nl\/de\/#breadcrumb"},"inLanguage":"de","potentialAction":[{"@type":"ReadAction","target":["https:\/\/www.skydive-ameland.nl\/de\/"]}]},{"@type":"ImageObject","inLanguage":"de","@id":"https:\/\/www.skydive-ameland.nl\/de\/#primaryimage","url":"https:\/\/www.skydive-ameland.nl\/wp-content\/uploads\/slider-vrijeval.jpg","contentUrl":"https:\/\/www.skydive-ameland.nl\/wp-content\/uploads\/slider-vrijeval.jpg","width":1400,"height":1400},{"@type":"BreadcrumbList","@id":"https:\/\/www.skydive-ameland.nl\/de\/#breadcrumb","itemListElement":[{"@type":"ListItem","position":1,"name":"Home","item":"https:\/\/www.skydive-ameland.nl\/de\/"},{"@type":"ListItem","position":2,"name":"Home"}]},{"@type":"WebSite","@id":"https:\/\/www.skydive-ameland.nl\/#website","url":"https:\/\/www.skydive-ameland.nl\/","name":"Tandem parachute springen boven Ameland en waddenzee","description":"Maak bij het paracentrum je eerste parachutesprong door een tandemsprong te maken op Nederlands mooiste locatie. De ervaring van je leven!","potentialAction":[{"@type":"SearchAction","target":{"@type":"EntryPoint","urlTemplate":"https:\/\/www.skydive-ameland.nl\/?s={search_term_string}"},"query-input":{"@type":"PropertyValueSpecification","valueRequired":true,"valueName":"search_term_string"}}],"inLanguage":"de"}]}},"_links":{"self":[{"href":"https:\/\/www.skydive-ameland.nl\/de\/wp-json\/wp\/v2\/pages\/7339","targetHints":{"allow":["GET"]}}],"collection":[{"href":"https:\/\/www.skydive-ameland.nl\/de\/wp-json\/wp\/v2\/pages"}],"about":[{"href":"https:\/\/www.skydive-ameland.nl\/de\/wp-json\/wp\/v2\/types\/page"}],"author":[{"embeddable":true,"href":"https:\/\/www.skydive-ameland.nl\/de\/wp-json\/wp\/v2\/users\/1"}],"replies":[{"embeddable":true,"href":"https:\/\/www.skydive-ameland.nl\/de\/wp-json\/wp\/v2\/comments?post=7339"}],"version-history":[{"count":21,"href":"https:\/\/www.skydive-ameland.nl\/de\/wp-json\/wp\/v2\/pages\/7339\/revisions"}],"predecessor-version":[{"id":8533,"href":"https:\/\/www.skydive-ameland.nl\/de\/wp-json\/wp\/v2\/pages\/7339\/revisions\/8533"}],"wp:featuredmedia":[{"embeddable":true,"href":"https:\/\/www.skydive-ameland.nl\/de\/wp-json\/wp\/v2\/media\/10023"}],"wp:attachment":[{"href":"https:\/\/www.skydive-ameland.nl\/de\/wp-json\/wp\/v2\/media?parent=7339"}],"curies":[{"name":"wp","href":"https:\/\/api.w.org\/{rel}","templated":true}]}}