{"id":7353,"date":"2018-03-08T18:16:32","date_gmt":"2018-03-08T17:16:32","guid":{"rendered":"https:\/\/www.skydive-ameland.nl\/?page_id=7353"},"modified":"2019-01-21T13:47:39","modified_gmt":"2019-01-21T12:47:39","slug":"gutschein-kaufen","status":"publish","type":"page","link":"https:\/\/www.skydive-ameland.nl\/de\/gutschein-kaufen\/","title":{"rendered":"Geschenkgutschein kaufen"},"content":{"rendered":"  <div id=\"page-header-747240643\" class=\"page-header-wrapper\">\n  <div class=\"page-title dark featured-title has-parallax\">\n\n        <div class=\"page-title-bg\">\n      <div class=\"title-bg fill bg-fill\"\n        data-parallax-container=\".page-title\"\n        data-parallax-background\n        data-parallax=\"-5\">\n      <\/div>\n      <div class=\"title-overlay fill\"><\/div>\n    <\/div>\n    \n    <div class=\"page-title-inner container align-center flex-row medium-flex-wrap\" data-parallax-fade=\"true\" data-parallax=\"-5\">\n              <div class=\"title-wrapper flex-col text-left medium-text-center\">\n          <h1 class=\"entry-title mb-0\">\n            Geschenkgutschein kaufen          <\/h1>\n        <\/div>\n                    <div class=\"title-content flex-col flex-right text-right medium-text-center\">\n        <div class=\"title-breadcrumbs pb-half pt-half\"><\/div>      <\/div>\n    <\/div>\n\n     \n<style>\n#page-header-747240643 .page-title-inner {\n  min-height: 320px;\n}\n#page-header-747240643 .title-bg {\n  background-image: url(https:\/\/www.skydive-ameland.nl\/wp-content\/uploads\/tandem-skydive-ameland-duosprong.jpg);\n  background-position: 50% 33%;\n}\n<\/style>\n  <\/div>\n    <\/div>\n  \n<div class=\"is-divider divider clearfix\" style=\"margin-top:0em;margin-bottom:0em;max-width:100%;height:12px;background-color:rgb(210, 31, 39);\"><\/div>\n\n\t<section class=\"section\" id=\"section_509777190\">\n\t\t<div class=\"section-bg fill\" >\n\t\t\t\t\t\t\t\t\t\n\t\t\t\n\t<div class=\"is-border\"\n\t\tstyle=\"border-width:0px 0px 0px 0px;margin:0px 0px 0 0px;\">\n\t<\/div>\n\n\t\t<\/div>\n\n\t\t\n\n\t\t<div class=\"section-content relative\">\n\t\t\t\n<div class=\"row\"  id=\"row-903577340\">\n\n\t<div id=\"col-991626462\" class=\"col medium-9 small-12 large-9\"  >\n\t\t\t\t<div class=\"col-inner\"  >\n\t\t\t\n\t\t\t\n<div class=\"container section-title-container\" style=\"margin-top:30px;margin-bottom:20px;\"><h3 class=\"section-title section-title-center\"><b><\/b><span class=\"section-title-main\" style=\"color:rgb(210, 32, 39);\">Das Sch\u00f6nste zum Verschenken!<\/span><b><\/b><\/h3><\/div>\n<p>Verschenkst du einen Gutschein f\u00fcr einen Tandemsprung bei Paracentrum Ameland, dann kannst du dir sicher sein, das du jemandem ein besonderes Geschenk machst und Freude schenkst!<\/p>\n<p>Nach deiner Bestellung im Online Shop und der Bezahlung, erh\u00e4lst du deinen Gutschein per E-Mail. ( \u00fcberpr\u00fcfe eventuell die Spamnachrichten, wenn du nicht innerhalb von 5 Minuten eine Nachricht von uns erhalten solltest) Den Geschenkgutschein kannst du dann selber ausdrucken oder digital weiterversenden.<\/p>\n<p>Auf dem Gutschein steht die Gutscheinnummer, mit der der Empf\u00e4nger seine Reservierung bei uns platziert. Im Online Reservierungsportal wirst du im Bezahlungsvorgang nach der Zahlungsart gefragt und musst hier die Gutscheinnummer angeben.<\/p>\n[advanced_iframe securitykey=&#8220;e1c8938bae006d143b4632daf659c4421ab5b565&#8243; src=&#8220;https:\/\/store.burblesoft.eu\/?dz_id=6124&#8243; width=&#8220;100%&#8220; height=&#8220;3000&#8243;]\n\t\t<\/div>\n\t\t\t\t\t<\/div>\n\n\t\n\n\t<div id=\"col-881849185\" class=\"col hide-for-small medium-3 small-12 large-3\"  >\n\t\t\t\t<div class=\"col-inner text-center\"  >\n\t\t\t\n\t\t\t\n<ul class=\"sidebar-wrapper ul-reset\"><li id=\"nav_menu-6\" class=\"widget widget_nav_menu\"><h2 class=\"widgettitle\">Tandem Skydive<\/h2>\n<div class=\"menu-tandem-skydive-container\"><ul id=\"menu-tandem-skydive\" class=\"menu\"><li id=\"menu-item-1951\" class=\"menu-item menu-item-type-custom menu-item-object-custom menu-item-1951\"><a href=\"#reserveren\">Reserveren<\/a><\/li>\n<li id=\"menu-item-1949\" class=\"menu-item menu-item-type-custom menu-item-object-custom menu-item-1949\"><a href=\"#aankomst-checkin\">Aankomst &#038; Checkin<\/a><\/li>\n<li id=\"menu-item-1941\" class=\"menu-item menu-item-type-custom menu-item-object-custom menu-item-1941\"><a href=\"#handycam\">Handycam<\/a><\/li>\n<li id=\"menu-item-1939\" class=\"menu-item menu-item-type-custom menu-item-object-custom menu-item-1939\"><a href=\"#planning-instructie\">Planning &#038; instructie<\/a><\/li>\n<li id=\"menu-item-1945\" class=\"menu-item menu-item-type-custom menu-item-object-custom menu-item-1945\"><a href=\"#springen\">Springen !<\/a><\/li>\n<li id=\"menu-item-1698\" class=\"menu-item menu-item-type-custom menu-item-object-custom menu-item-1698\"><a href=\"#tandemsprongprijzen\">Prijzen<\/a><\/li>\n<li id=\"menu-item-1693\" class=\"menu-item menu-item-type-custom menu-item-object-custom menu-item-1693\"><a href=\"#FAQ\">Veel gestelde vragen<\/a><\/li>\n<\/ul><\/div><\/li><\/ul>\n\t<div id=\"gap-947375202\" class=\"gap-element clearfix\" style=\"display:block; height:auto;\">\n\t\t\n<style>\n#gap-947375202 {\n  padding-top: 30px;\n}\n<\/style>\n\t<\/div>\n\t\n<a href=\"https:\/\/bookings.burblesoft.eu\/index\/6124\/18\" target=\"_blank\" class=\"button alert is-small box-shadow-1-hover expand\" rel=\"noopener\"  style=\"border-radius:99px;\">\n\t\t<span>Tandemsprung buchen<\/span>\n\t<\/a>\n\r\n\r\n<a href=\"https:\/\/www.skydive-ameland.nl\/de\/gutschein-kaufen\/\" class=\"button alert is-small box-shadow-1-hover expand\"  style=\"border-radius:99px;\">\n\t\t<span>Geschenkgutschein kaufen<\/span>\n\t<\/a>\n\r\n\r\n<div class=\"social-icons follow-icons full-width text-center\" ><a href=\"http:\/\/www.facebook.com\/SkydiveAmeland\" target=\"_blank\" data-label=\"Facebook\" class=\"icon primary button circle facebook tooltip\" title=\"Auf Facebook folgen\" aria-label=\"Auf Facebook folgen\" rel=\"noopener nofollow\" ><i class=\"icon-facebook\" ><\/i><\/a><\/div>\n\t\t<\/div>\n\t\t\t\t\n<style>\n#col-881849185 > .col-inner {\n  padding: 12px 0px 0px 0px;\n  margin: 0px 0px 0px 0px;\n}\n<\/style>\n\t<\/div>\n\n\t\n<\/div>\n\t\t<\/div>\n\n\t\t\n<style>\n#section_509777190 {\n  padding-top: 30px;\n  padding-bottom: 30px;\n  margin-bottom: -30px;\n}\n<\/style>\n\t<\/section>\n\t\n","protected":false},"excerpt":{"rendered":"","protected":false},"author":1,"featured_media":0,"parent":0,"menu_order":53,"comment_status":"closed","ping_status":"closed","template":"pc-page-transparent-header-light.php","meta":{"footnotes":""},"class_list":["post-7353","page","type-page","status-publish","hentry"],"yoast_head":"<!-- This site is optimized with the Yoast SEO Premium plugin v25.4 (Yoast SEO v25.4) - https:\/\/yoast.com\/wordpress\/plugins\/seo\/ -->\n<title>Geschenkgutschein kaufen - Tandem parachute springen boven Ameland en waddenzee<\/title>\n<meta name=\"robots\" content=\"index, follow, max-snippet:-1, max-image-preview:large, max-video-preview:-1\" \/>\n<link rel=\"canonical\" href=\"https:\/\/www.skydive-ameland.nl\/de\/gutschein-kaufen\/\" \/>\n<meta property=\"og:locale\" content=\"de_DE\" \/>\n<meta property=\"og:type\" content=\"article\" \/>\n<meta property=\"og:title\" content=\"Geschenkgutschein kaufen\" \/>\n<meta property=\"og:url\" content=\"https:\/\/www.skydive-ameland.nl\/de\/gutschein-kaufen\/\" \/>\n<meta property=\"og:site_name\" content=\"Tandem parachute springen boven Ameland en waddenzee\" \/>\n<meta property=\"article:modified_time\" content=\"2019-01-21T12:47:39+00:00\" \/>\n<meta name=\"twitter:card\" content=\"summary_large_image\" \/>\n<meta name=\"twitter:label1\" content=\"Gesch\u00e4tzte Lesezeit\" \/>\n\t<meta name=\"twitter:data1\" content=\"1\u00a0Minute\" \/>\n<script type=\"application\/ld+json\" class=\"yoast-schema-graph\">{\"@context\":\"https:\/\/schema.org\",\"@graph\":[{\"@type\":\"WebPage\",\"@id\":\"https:\/\/www.skydive-ameland.nl\/de\/gutschein-kaufen\/\",\"url\":\"https:\/\/www.skydive-ameland.nl\/de\/gutschein-kaufen\/\",\"name\":\"Geschenkgutschein kaufen - Tandem parachute springen boven Ameland en waddenzee\",\"isPartOf\":{\"@id\":\"https:\/\/www.skydive-ameland.nl\/#website\"},\"datePublished\":\"2018-03-08T17:16:32+00:00\",\"dateModified\":\"2019-01-21T12:47:39+00:00\",\"breadcrumb\":{\"@id\":\"https:\/\/www.skydive-ameland.nl\/de\/gutschein-kaufen\/#breadcrumb\"},\"inLanguage\":\"de\",\"potentialAction\":[{\"@type\":\"ReadAction\",\"target\":[\"https:\/\/www.skydive-ameland.nl\/de\/gutschein-kaufen\/\"]}]},{\"@type\":\"BreadcrumbList\",\"@id\":\"https:\/\/www.skydive-ameland.nl\/de\/gutschein-kaufen\/#breadcrumb\",\"itemListElement\":[{\"@type\":\"ListItem\",\"position\":1,\"name\":\"Home\",\"item\":\"https:\/\/www.skydive-ameland.nl\/de\/\"},{\"@type\":\"ListItem\",\"position\":2,\"name\":\"Geschenkgutschein kaufen\"}]},{\"@type\":\"WebSite\",\"@id\":\"https:\/\/www.skydive-ameland.nl\/#website\",\"url\":\"https:\/\/www.skydive-ameland.nl\/\",\"name\":\"Tandem parachute springen boven Ameland en waddenzee\",\"description\":\"Maak bij het paracentrum je eerste parachutesprong door een tandemsprong te maken op Nederlands mooiste locatie. De ervaring van je leven!\",\"potentialAction\":[{\"@type\":\"SearchAction\",\"target\":{\"@type\":\"EntryPoint\",\"urlTemplate\":\"https:\/\/www.skydive-ameland.nl\/?s={search_term_string}\"},\"query-input\":{\"@type\":\"PropertyValueSpecification\",\"valueRequired\":true,\"valueName\":\"search_term_string\"}}],\"inLanguage\":\"de\"}]}<\/script>\n<!-- \/ Yoast SEO Premium plugin. -->","yoast_head_json":{"title":"Geschenkgutschein kaufen - Tandem parachute springen boven Ameland en waddenzee","robots":{"index":"index","follow":"follow","max-snippet":"max-snippet:-1","max-image-preview":"max-image-preview:large","max-video-preview":"max-video-preview:-1"},"canonical":"https:\/\/www.skydive-ameland.nl\/de\/gutschein-kaufen\/","og_locale":"de_DE","og_type":"article","og_title":"Geschenkgutschein kaufen","og_url":"https:\/\/www.skydive-ameland.nl\/de\/gutschein-kaufen\/","og_site_name":"Tandem parachute springen boven Ameland en waddenzee","article_modified_time":"2019-01-21T12:47:39+00:00","twitter_card":"summary_large_image","twitter_misc":{"Gesch\u00e4tzte Lesezeit":"1\u00a0Minute"},"schema":{"@context":"https:\/\/schema.org","@graph":[{"@type":"WebPage","@id":"https:\/\/www.skydive-ameland.nl\/de\/gutschein-kaufen\/","url":"https:\/\/www.skydive-ameland.nl\/de\/gutschein-kaufen\/","name":"Geschenkgutschein kaufen - Tandem parachute springen boven Ameland en waddenzee","isPartOf":{"@id":"https:\/\/www.skydive-ameland.nl\/#website"},"datePublished":"2018-03-08T17:16:32+00:00","dateModified":"2019-01-21T12:47:39+00:00","breadcrumb":{"@id":"https:\/\/www.skydive-ameland.nl\/de\/gutschein-kaufen\/#breadcrumb"},"inLanguage":"de","potentialAction":[{"@type":"ReadAction","target":["https:\/\/www.skydive-ameland.nl\/de\/gutschein-kaufen\/"]}]},{"@type":"BreadcrumbList","@id":"https:\/\/www.skydive-ameland.nl\/de\/gutschein-kaufen\/#breadcrumb","itemListElement":[{"@type":"ListItem","position":1,"name":"Home","item":"https:\/\/www.skydive-ameland.nl\/de\/"},{"@type":"ListItem","position":2,"name":"Geschenkgutschein kaufen"}]},{"@type":"WebSite","@id":"https:\/\/www.skydive-ameland.nl\/#website","url":"https:\/\/www.skydive-ameland.nl\/","name":"Tandem parachute springen boven Ameland en waddenzee","description":"Maak bij het paracentrum je eerste parachutesprong door een tandemsprong te maken op Nederlands mooiste locatie. De ervaring van je leven!","potentialAction":[{"@type":"SearchAction","target":{"@type":"EntryPoint","urlTemplate":"https:\/\/www.skydive-ameland.nl\/?s={search_term_string}"},"query-input":{"@type":"PropertyValueSpecification","valueRequired":true,"valueName":"search_term_string"}}],"inLanguage":"de"}]}},"_links":{"self":[{"href":"https:\/\/www.skydive-ameland.nl\/de\/wp-json\/wp\/v2\/pages\/7353","targetHints":{"allow":["GET"]}}],"collection":[{"href":"https:\/\/www.skydive-ameland.nl\/de\/wp-json\/wp\/v2\/pages"}],"about":[{"href":"https:\/\/www.skydive-ameland.nl\/de\/wp-json\/wp\/v2\/types\/page"}],"author":[{"embeddable":true,"href":"https:\/\/www.skydive-ameland.nl\/de\/wp-json\/wp\/v2\/users\/1"}],"replies":[{"embeddable":true,"href":"https:\/\/www.skydive-ameland.nl\/de\/wp-json\/wp\/v2\/comments?post=7353"}],"version-history":[{"count":3,"href":"https:\/\/www.skydive-ameland.nl\/de\/wp-json\/wp\/v2\/pages\/7353\/revisions"}],"predecessor-version":[{"id":7497,"href":"https:\/\/www.skydive-ameland.nl\/de\/wp-json\/wp\/v2\/pages\/7353\/revisions\/7497"}],"wp:attachment":[{"href":"https:\/\/www.skydive-ameland.nl\/de\/wp-json\/wp\/v2\/media?parent=7353"}],"curies":[{"name":"wp","href":"https:\/\/api.w.org\/{rel}","templated":true}]}}