{"id":7423,"date":"2018-07-20T15:36:39","date_gmt":"2018-07-20T13:36:39","guid":{"rendered":"https:\/\/www.skydive-ameland.nl\/?page_id=7423"},"modified":"2019-01-26T12:49:59","modified_gmt":"2019-01-26T11:49:59","slug":"agb","status":"publish","type":"page","link":"https:\/\/www.skydive-ameland.nl\/de\/ueber-skydive-ameland\/agb\/","title":{"rendered":"Allgemeine Gesch\u00e4ftsbedingungen"},"content":{"rendered":"  <div id=\"page-header-1955897557\" class=\"page-header-wrapper\">\n  <div class=\"page-title dark featured-title has-parallax\">\n\n        <div class=\"page-title-bg\">\n      <div class=\"title-bg fill bg-fill\"\n        data-parallax-container=\".page-title\"\n        data-parallax-background\n        data-parallax=\"-5\">\n      <\/div>\n      <div class=\"title-overlay fill\"><\/div>\n    <\/div>\n    \n    <div class=\"page-title-inner container align-center flex-row medium-flex-wrap\" data-parallax-fade=\"true\" data-parallax=\"-5\">\n              <div class=\"title-wrapper flex-col text-left medium-text-center\">\n          <h1 class=\"entry-title mb-0\">\n            Allgemeine Gesch\u00e4ftsbedingungen          <\/h1>\n        <\/div>\n                    <div class=\"title-content flex-col flex-right text-right medium-text-center\">\n        <div class=\"title-breadcrumbs pb-half pt-half\"><\/div>      <\/div>\n    <\/div>\n\n     \n<style>\n#page-header-1955897557 .page-title-inner {\n  min-height: 320px;\n}\n#page-header-1955897557 .title-bg {\n  background-image: url(https:\/\/www.skydive-ameland.nl\/wp-content\/uploads\/ameland-nobel-parachute-landing-nes.jpg);\n  background-position: 48% 100%;\n}\n<\/style>\n  <\/div>\n    <\/div>\n  \n<div class=\"is-divider divider clearfix\" style=\"margin-top:0em;margin-bottom:0em;max-width:100%;height:12px;background-color:rgb(210, 31, 39);\"><\/div>\n\n\t<section class=\"section\" id=\"section_148226839\">\n\t\t<div class=\"section-bg fill\" >\n\t\t\t\t\t\t\t\t\t\n\t\t\t\n\t<div class=\"is-border\"\n\t\tstyle=\"border-width:0px 0px 0px 0px;margin:0px 0px 0 0px;\">\n\t<\/div>\n\n\t\t<\/div>\n\n\t\t\n\n\t\t<div class=\"section-content relative\">\n\t\t\t\n<div class=\"row\"  id=\"row-1420342388\">\n\n\t<div id=\"col-1230851090\" class=\"col medium-9 small-12 large-9\"  >\n\t\t\t\t<div class=\"col-inner\"  >\n\t\t\t\n\t\t\t\n<div class=\"container section-title-container\" style=\"margin-top:30px;margin-bottom:20px;\"><h3 class=\"section-title section-title-center\"><b><\/b><span class=\"section-title-main\" style=\"color:rgb(210, 32, 39);\">Allgemeine Gesch\u00e4ftsbedingungen<\/span><b><\/b><\/h3><\/div>\n<ol>\n<li><strong>Definitionen<\/strong>\n<ol>\n<li>Wenn in diesen Allgemeinen Gesch\u00e4ftsbedingungen gesprochen wird \u00fcber Skydive Ameland, so beinhaltet das:\n<ol>\n<li><strong>Skydive Ameland B.V.<\/strong>:<br \/>Handelskammerakte: 55077587<\/li>\n<li><strong>Paracentrum Texel B.V.<\/strong>:<br \/>Handelskammerakte: 37052638<\/li>\n<li><strong>Paracentrum Zeeland B.V.<\/strong>:<br \/>Handelskammerakte: 22041973<\/li>\n<li><strong>Tessel Air<\/strong>:<br \/>Handelskammerakte: 3703652<\/li>\n<\/ol>\n<\/li>\n<li>Kunden:<strong><br \/><\/strong>die nat\u00fcrliche oder juristische Person, die f\u00fcr uns in einem Vertragsverh\u00e4ltnis im Rahmen eines mit uns geschlossenen Kaufvertrages steht oder einen anderen Vertragstyp abschlie\u00dfen m\u00f6chte. Unter &#8222;K\u00e4ufer&#8220; ist insbesondere auch die Person zu verstehen, deren Bestellung und auf deren Konto werden geliefert\/ bestellt wird.<\/li>\n<li>Mit &#8222;Allgemeinen Gesch\u00e4ftsbedingungen&#8220; sind alle unten aufgef\u00fchrten Bestimmungen gemeint<\/li>\n<\/ol>\n<\/li>\n<li><strong style=\"color: #555555; font-size: 14.4px;\">Anwendungsgebiet<\/strong>\n<ol>\n<li>Diese Allgemeinen Gesch\u00e4ftsbedingungen gelten f\u00fcr alle Angebote, Vereinbarungen und Lieferungen von Skydive Ameland, sofern nicht ausdr\u00fccklich schriftlich etwas anderes vereinbart wurde.<\/li>\n<li>Wenn der Kunde Bestimmungen oder Bedingungen in seine Bestellung aufnimmt, die von diesen Bedingungen abweichen oder nicht eintreten, sind diese f\u00fcr Skydive Ameland nur verbindlich, wenn und sofern dies ausdr\u00fccklich schriftlich von Skydive Ameland akzeptiert<\/li>\n<li>Wenn sich der K\u00e4ufer auch auf seine Allgemeinen Gesch\u00e4ftsbedingungen bezieht, gelten die Allgemeinen Gesch\u00e4ftsbedingungen des K\u00e4ufers nicht. Dies gilt nur dann, wenn und soweit die Anwendbarkeit der Allgemeinen Gesch\u00e4ftsbedingungen des K\u00e4ufers unseren Allgemeinen Gesch\u00e4ftsbedingungen nicht widerspricht, dann nur die Bestimmungen unserer Allgemeinen Gesch\u00e4ftsbedingungen. Jede andere Bestimmung in den Gesch\u00e4ftsbedingungen des K\u00e4ufers \u00e4ndert nichts an dem Vorstehenden.<\/li>\n<li>Skydive Ameland ist berechtigt, Dritte in die Erf\u00fcllung seiner Vereinbarungen einzubeziehen.<\/li>\n<li>Wenn sich diese Bedingungen auf &#8222;Lieferung&#8220; beziehen, bedeutet dies sowohl Gesch\u00e4fte als auch die Erbringung von Dienstleistungen und Aktivit\u00e4ten jeglicher Art..<\/li>\n<li>Wenn Sie sich bei der (rechtzeitigen) Erf\u00fcllung Ihrer Verpflichtungen in Verzug befinden oder vers\u00e4umt haben, werden alle au\u00dfergerichtlichen (Inkassokosten) (einschlie\u00dflich der Kosten f\u00fcr die Vorbereitung und Versendung von Mahnungen, die Durchf\u00fchrung von Vergleichsverhandlungen und andere Ma\u00dfnahmen zur Vorbereitung eines Vertrags) m\u00f6gliche Gerichtsverfahren) sowie die Rechtskosten Ihrem Konto angerechnet.\u00a0 Die au\u00dfergerichtlichen Inkassokosten werden auf der Grundlage des Voorwerk II-Berichts berechnet und um 25,00 Euro Registrierungskosten erh\u00f6ht.<\/li>\n<\/ol>\n<\/li>\n<li style=\"list-style-type: none;\">\n<ol>\n<li><strong>Preise<\/strong>\n<ol>\n<li>Alle Preise verstehen sich inklusive Mehrwertsteuer und anderer staatlicher Abgaben.<\/li>\n<li>Skydive Ameland beh\u00e4lt sich das Recht vor, Zuschl\u00e4ge aufgrund von \u00c4nderungen der Treibstoff- und \/ oder Landegeb\u00fchren zu erheben.<\/li>\n<li>Alle Preise auf der Website sind freibleibend.<\/li>\n<li>Wenn es einen Aktionstag gibt, wird kein zus\u00e4tzlicher Rabatt gew\u00e4hrt.<\/li>\n<li>Es gibt keinen Rabatt auf Rabatt. Dies gilt auch f\u00fcr den Reservierungsrabatt.<\/li>\n<\/ol>\n<\/li>\n<li><strong>Tandemspr\u00fcnge<\/strong>\n<ol>\n<li>Wenn Sie einen Tandemsprung reservieren, erhalten Sie Vorrang vor den nicht reservierten Spr\u00fcngen.<\/li>\n<li>Sie erhalten eine Zielzeit f\u00fcr den Zeitpunkt, zu dem der Sprung erfolgen soll, nachdem Sie sich dem Manifest gemeldet haben.<\/li>\n<li>Findet der Sprung nicht am vereinbarten Tag statt, haben Sie das Recht vor, den Sprung innerhalb von zwei Jahren nachzuholen,<\/li>\n<li>Es erfolgt keine R\u00fcckerstattung. Wir weisen auf die M\u00f6glichkeit des Abschlusses einer Reiser\u00fccktrittsversicherung hin.<\/li>\n<li>Nach der Buchung k\u00f6nnen keine Rabatte mehr angerechnet werden.<\/li>\n<li>Wenn Sie eine Foto- \/ Videoreportage erstellt haben, bleiben die Rechte an diesen Bildern im Besitz von Skydive Ameland.<\/li>\n<li>In dem unwahrscheinlichen Fall, dass Aufnahmen fehlschlagen oder die erwartete Qualit\u00e4t nicht erreichen, k\u00f6nnen daraus keine Rechte zur Wiederholung des Sprungs abgeleitet werden.<\/li>\n<\/ol>\n<\/li>\n<li><strong>Kurse<\/strong>\n<ol>\n<li>Wenn Sie aufgrund der Umst\u00e4nde die Spr\u00fcnge in der gebuchten Woche nicht beenden k\u00f6nnen, haben Sie zwei Jahre Zeit, um diese zu machen.<\/li>\n<li>Es erfolgt keine R\u00fcckerstattung. Wir weisen auf die M\u00f6glichkeit des Abschlusses einer Reiser\u00fccktrittsversicherung hin.<\/li>\n<\/ol>\n<\/li>\n<li><strong>Geschenkgutscheine<\/strong>\n<ol>\n<li>Das R\u00fcckgaberecht gilt f\u00fcr Geschenkgutscheine.<\/li>\n<li>Gutscheine sind \u00fcbertragbar.<\/li>\n<\/ol>\n<\/li>\n<li><strong>Haftung<\/strong>\n<ol>\n<li>Diese Haftungsbestimmung gilt nur f\u00fcr nat\u00fcrliche oder juristische Personen, die beruflich oder gesch\u00e4ftlich t\u00e4tig sind und mit Skydive Ameland eine Vereinbarung treffen.<\/li>\n<li>Die Haftung von Skydive Ameland gegen\u00fcber dem Kunden f\u00fcr indirekte Sch\u00e4den, einschlie\u00dflich Folgesch\u00e4den, entgangenen Gewinns, entgangenes Sparen, ist ausgeschlossen.<\/li>\n<\/ol>\n<\/li>\n<li><strong>H\u00f6here Gewalt<\/strong>\n<ol>\n<li>Im Falle von H\u00f6herer Gewalt, ist Skydive Ameland nicht dazu verpflichtet, entstandene Sch\u00e4den jedwerger Art zu ersetzen.<\/li>\n<li>Als h\u00f6here Gewalt gelten alle Umst\u00e4nde, die au\u00dferhalb unserer Kontrolle liegen und die die Einhaltung der Vereinbarung von uns nicht zumutbar machen k\u00f6nnen (nicht zu vertretende M\u00e4ngel der Leistung).<\/li>\n<\/ol>\n<\/li>\n<li><strong>K\u00fchlperiode<\/strong>\n<ol>\n<li>Wir m\u00f6chten Sie darauf hinweisen, dass Buchungen, die Sie \u00fcber das Internet vornehmen, endg\u00fcltig sind. Die sogenannte &#8222;Cooling-off-Periode&#8220;, die im Gesetz als &#8222;Distance Buying&#8220; bezeichnet wird, gilt nicht f\u00fcr Kurse oder Tandemspr\u00fcnge, die Sie \u00fcber unsere Website buchen.<\/li>\n<\/ol>\n<\/li>\n<li><strong>Schlussbestimmungen<\/strong>\n<ol>\n<li>Die Vereinbarung unterliegt niederl\u00e4ndischem Recht.<\/li>\n<li>Alle Streitigkeiten jeglicher Art, die sich aus den von uns getroffenen Vereinbarungen und Lieferungen ergeben, die sich aus uns ergeben, werden von dem zust\u00e4ndigen Gericht in den Niederlanden verhandelt.<\/li>\n<\/ol>\n<\/li>\n<\/ol>\n<\/li>\n<\/ol>\n\t\t<\/div>\n\t\t\t\t\t<\/div>\n\n\t\n\n\t<div id=\"col-1608118872\" class=\"col hide-for-small medium-3 small-12 large-3\"  >\n\t\t\t\t<div class=\"col-inner text-center\"  >\n\t\t\t\n\t\t\t\n<ul class=\"sidebar-wrapper ul-reset\"><li id=\"nav_menu-17\" class=\"widget widget_nav_menu\"><h2 class=\"widgettitle\">\u00dcber Skydive Ameland<\/h2>\n<div class=\"menu-over-ons-du-container\"><ul id=\"menu-over-ons-du\" class=\"menu\"><li id=\"menu-item-7566\" class=\"menu-item menu-item-type-post_type menu-item-object-page menu-item-7566\"><a href=\"https:\/\/www.skydive-ameland.nl\/de\/ueber-skydive-ameland\/\">\u00dcber Skydive Ameland<\/a><\/li>\n<li id=\"menu-item-7567\" class=\"menu-item menu-item-type-post_type menu-item-object-page menu-item-7567\"><a href=\"https:\/\/www.skydive-ameland.nl\/de\/ueber-skydive-ameland\/agb\/\">Allgemeine Gesch\u00e4ftsbedingungen<\/a><\/li>\n<\/ul><\/div><\/li><\/ul>\n\t<div id=\"gap-419113376\" class=\"gap-element clearfix\" style=\"display:block; height:auto;\">\n\t\t\n<style>\n#gap-419113376 {\n  padding-top: 30px;\n}\n<\/style>\n\t<\/div>\n\t\n<a href=\"https:\/\/bookings.burblesoft.eu\/index\/6124\/18\" target=\"_blank\" class=\"button alert is-small box-shadow-1-hover expand\" rel=\"noopener\"  style=\"border-radius:99px;\">\n\t\t<span>Tandemsprung buchen<\/span>\n\t<\/a>\n\r\n\r\n<a href=\"https:\/\/www.skydive-ameland.nl\/de\/gutschein-kaufen\/\" class=\"button alert is-small box-shadow-1-hover expand\"  style=\"border-radius:99px;\">\n\t\t<span>Geschenkgutschein kaufen<\/span>\n\t<\/a>\n\r\n\r\n<div class=\"social-icons follow-icons full-width text-center\" ><a href=\"http:\/\/www.facebook.com\/SkydiveAmeland\" target=\"_blank\" data-label=\"Facebook\" class=\"icon primary button circle facebook tooltip\" title=\"Auf Facebook folgen\" aria-label=\"Auf Facebook folgen\" rel=\"noopener nofollow\" ><i class=\"icon-facebook\" ><\/i><\/a><\/div>\n\t\t<\/div>\n\t\t\t\t\n<style>\n#col-1608118872 > .col-inner {\n  padding: 12px 0px 0px 0px;\n  margin: 0px 0px 0px 0px;\n}\n<\/style>\n\t<\/div>\n\n\t\n<\/div>\n\t<div id=\"gap-747310310\" class=\"gap-element clearfix\" style=\"display:block; height:auto;\">\n\t\t\n<style>\n#gap-747310310 {\n  padding-top: 40px;\n}\n<\/style>\n\t<\/div>\n\t\n\t\t<\/div>\n\n\t\t\n<style>\n#section_148226839 {\n  padding-top: 30px;\n  padding-bottom: 30px;\n  margin-bottom: -30px;\n}\n<\/style>\n\t<\/section>\n\t\n<\/li>\n<\/ol>\n","protected":false},"excerpt":{"rendered":"","protected":false},"author":1,"featured_media":7425,"parent":7346,"menu_order":46,"comment_status":"closed","ping_status":"closed","template":"pc-page-transparent-header-light.php","meta":{"footnotes":""},"class_list":["post-7423","page","type-page","status-publish","has-post-thumbnail","hentry"],"yoast_head":"<!-- This site is optimized with the Yoast SEO Premium plugin v25.4 (Yoast SEO v25.4) - https:\/\/yoast.com\/wordpress\/plugins\/seo\/ -->\n<title>Allgemeine Gesch\u00e4ftsbedingungen - Tandem parachute springen boven Ameland en waddenzee<\/title>\n<meta name=\"robots\" content=\"index, follow, max-snippet:-1, max-image-preview:large, max-video-preview:-1\" \/>\n<link rel=\"canonical\" href=\"https:\/\/www.skydive-ameland.nl\/de\/ueber-skydive-ameland\/agb\/\" \/>\n<meta property=\"og:locale\" content=\"de_DE\" \/>\n<meta property=\"og:type\" content=\"article\" \/>\n<meta property=\"og:title\" content=\"Allgemeine Gesch\u00e4ftsbedingungen\" \/>\n<meta property=\"og:url\" content=\"https:\/\/www.skydive-ameland.nl\/de\/ueber-skydive-ameland\/agb\/\" \/>\n<meta property=\"og:site_name\" content=\"Tandem parachute springen boven Ameland en waddenzee\" \/>\n<meta property=\"article:modified_time\" content=\"2019-01-26T11:49:59+00:00\" \/>\n<meta property=\"og:image\" content=\"https:\/\/www.skydive-ameland.nl\/wp-content\/uploads\/ameland-nobel-parachute-landing-nes.jpg\" \/>\n\t<meta property=\"og:image:width\" content=\"1400\" \/>\n\t<meta property=\"og:image:height\" content=\"788\" \/>\n\t<meta property=\"og:image:type\" content=\"image\/jpeg\" \/>\n<meta name=\"twitter:card\" content=\"summary_large_image\" \/>\n<meta name=\"twitter:label1\" content=\"Gesch\u00e4tzte Lesezeit\" \/>\n\t<meta name=\"twitter:data1\" content=\"4\u00a0Minuten\" \/>\n<script type=\"application\/ld+json\" class=\"yoast-schema-graph\">{\"@context\":\"https:\/\/schema.org\",\"@graph\":[{\"@type\":\"WebPage\",\"@id\":\"https:\/\/www.skydive-ameland.nl\/de\/ueber-skydive-ameland\/agb\/\",\"url\":\"https:\/\/www.skydive-ameland.nl\/de\/ueber-skydive-ameland\/agb\/\",\"name\":\"Allgemeine Gesch\u00e4ftsbedingungen - Tandem parachute springen boven Ameland en waddenzee\",\"isPartOf\":{\"@id\":\"https:\/\/www.skydive-ameland.nl\/#website\"},\"primaryImageOfPage\":{\"@id\":\"https:\/\/www.skydive-ameland.nl\/de\/ueber-skydive-ameland\/agb\/#primaryimage\"},\"image\":{\"@id\":\"https:\/\/www.skydive-ameland.nl\/de\/ueber-skydive-ameland\/agb\/#primaryimage\"},\"thumbnailUrl\":\"https:\/\/www.skydive-ameland.nl\/wp-content\/uploads\/ameland-nobel-parachute-landing-nes.jpg\",\"datePublished\":\"2018-07-20T13:36:39+00:00\",\"dateModified\":\"2019-01-26T11:49:59+00:00\",\"breadcrumb\":{\"@id\":\"https:\/\/www.skydive-ameland.nl\/de\/ueber-skydive-ameland\/agb\/#breadcrumb\"},\"inLanguage\":\"de\",\"potentialAction\":[{\"@type\":\"ReadAction\",\"target\":[\"https:\/\/www.skydive-ameland.nl\/de\/ueber-skydive-ameland\/agb\/\"]}]},{\"@type\":\"ImageObject\",\"inLanguage\":\"de\",\"@id\":\"https:\/\/www.skydive-ameland.nl\/de\/ueber-skydive-ameland\/agb\/#primaryimage\",\"url\":\"https:\/\/www.skydive-ameland.nl\/wp-content\/uploads\/ameland-nobel-parachute-landing-nes.jpg\",\"contentUrl\":\"https:\/\/www.skydive-ameland.nl\/wp-content\/uploads\/ameland-nobel-parachute-landing-nes.jpg\",\"width\":1400,\"height\":788},{\"@type\":\"BreadcrumbList\",\"@id\":\"https:\/\/www.skydive-ameland.nl\/de\/ueber-skydive-ameland\/agb\/#breadcrumb\",\"itemListElement\":[{\"@type\":\"ListItem\",\"position\":1,\"name\":\"Home\",\"item\":\"https:\/\/www.skydive-ameland.nl\/de\/\"},{\"@type\":\"ListItem\",\"position\":2,\"name\":\"\u00dcber Skydive Ameland\",\"item\":\"https:\/\/www.skydive-ameland.nl\/de\/ueber-skydive-ameland\/\"},{\"@type\":\"ListItem\",\"position\":3,\"name\":\"Allgemeine Gesch\u00e4ftsbedingungen\"}]},{\"@type\":\"WebSite\",\"@id\":\"https:\/\/www.skydive-ameland.nl\/#website\",\"url\":\"https:\/\/www.skydive-ameland.nl\/\",\"name\":\"Tandem parachute springen boven Ameland en waddenzee\",\"description\":\"Maak bij het paracentrum je eerste parachutesprong door een tandemsprong te maken op Nederlands mooiste locatie. De ervaring van je leven!\",\"potentialAction\":[{\"@type\":\"SearchAction\",\"target\":{\"@type\":\"EntryPoint\",\"urlTemplate\":\"https:\/\/www.skydive-ameland.nl\/?s={search_term_string}\"},\"query-input\":{\"@type\":\"PropertyValueSpecification\",\"valueRequired\":true,\"valueName\":\"search_term_string\"}}],\"inLanguage\":\"de\"}]}<\/script>\n<!-- \/ Yoast SEO Premium plugin. -->","yoast_head_json":{"title":"Allgemeine Gesch\u00e4ftsbedingungen - Tandem parachute springen boven Ameland en waddenzee","robots":{"index":"index","follow":"follow","max-snippet":"max-snippet:-1","max-image-preview":"max-image-preview:large","max-video-preview":"max-video-preview:-1"},"canonical":"https:\/\/www.skydive-ameland.nl\/de\/ueber-skydive-ameland\/agb\/","og_locale":"de_DE","og_type":"article","og_title":"Allgemeine Gesch\u00e4ftsbedingungen","og_url":"https:\/\/www.skydive-ameland.nl\/de\/ueber-skydive-ameland\/agb\/","og_site_name":"Tandem parachute springen boven Ameland en waddenzee","article_modified_time":"2019-01-26T11:49:59+00:00","og_image":[{"width":1400,"height":788,"url":"https:\/\/www.skydive-ameland.nl\/wp-content\/uploads\/ameland-nobel-parachute-landing-nes.jpg","type":"image\/jpeg"}],"twitter_card":"summary_large_image","twitter_misc":{"Gesch\u00e4tzte Lesezeit":"4\u00a0Minuten"},"schema":{"@context":"https:\/\/schema.org","@graph":[{"@type":"WebPage","@id":"https:\/\/www.skydive-ameland.nl\/de\/ueber-skydive-ameland\/agb\/","url":"https:\/\/www.skydive-ameland.nl\/de\/ueber-skydive-ameland\/agb\/","name":"Allgemeine Gesch\u00e4ftsbedingungen - Tandem parachute springen boven Ameland en waddenzee","isPartOf":{"@id":"https:\/\/www.skydive-ameland.nl\/#website"},"primaryImageOfPage":{"@id":"https:\/\/www.skydive-ameland.nl\/de\/ueber-skydive-ameland\/agb\/#primaryimage"},"image":{"@id":"https:\/\/www.skydive-ameland.nl\/de\/ueber-skydive-ameland\/agb\/#primaryimage"},"thumbnailUrl":"https:\/\/www.skydive-ameland.nl\/wp-content\/uploads\/ameland-nobel-parachute-landing-nes.jpg","datePublished":"2018-07-20T13:36:39+00:00","dateModified":"2019-01-26T11:49:59+00:00","breadcrumb":{"@id":"https:\/\/www.skydive-ameland.nl\/de\/ueber-skydive-ameland\/agb\/#breadcrumb"},"inLanguage":"de","potentialAction":[{"@type":"ReadAction","target":["https:\/\/www.skydive-ameland.nl\/de\/ueber-skydive-ameland\/agb\/"]}]},{"@type":"ImageObject","inLanguage":"de","@id":"https:\/\/www.skydive-ameland.nl\/de\/ueber-skydive-ameland\/agb\/#primaryimage","url":"https:\/\/www.skydive-ameland.nl\/wp-content\/uploads\/ameland-nobel-parachute-landing-nes.jpg","contentUrl":"https:\/\/www.skydive-ameland.nl\/wp-content\/uploads\/ameland-nobel-parachute-landing-nes.jpg","width":1400,"height":788},{"@type":"BreadcrumbList","@id":"https:\/\/www.skydive-ameland.nl\/de\/ueber-skydive-ameland\/agb\/#breadcrumb","itemListElement":[{"@type":"ListItem","position":1,"name":"Home","item":"https:\/\/www.skydive-ameland.nl\/de\/"},{"@type":"ListItem","position":2,"name":"\u00dcber Skydive Ameland","item":"https:\/\/www.skydive-ameland.nl\/de\/ueber-skydive-ameland\/"},{"@type":"ListItem","position":3,"name":"Allgemeine Gesch\u00e4ftsbedingungen"}]},{"@type":"WebSite","@id":"https:\/\/www.skydive-ameland.nl\/#website","url":"https:\/\/www.skydive-ameland.nl\/","name":"Tandem parachute springen boven Ameland en waddenzee","description":"Maak bij het paracentrum je eerste parachutesprong door een tandemsprong te maken op Nederlands mooiste locatie. De ervaring van je leven!","potentialAction":[{"@type":"SearchAction","target":{"@type":"EntryPoint","urlTemplate":"https:\/\/www.skydive-ameland.nl\/?s={search_term_string}"},"query-input":{"@type":"PropertyValueSpecification","valueRequired":true,"valueName":"search_term_string"}}],"inLanguage":"de"}]}},"_links":{"self":[{"href":"https:\/\/www.skydive-ameland.nl\/de\/wp-json\/wp\/v2\/pages\/7423","targetHints":{"allow":["GET"]}}],"collection":[{"href":"https:\/\/www.skydive-ameland.nl\/de\/wp-json\/wp\/v2\/pages"}],"about":[{"href":"https:\/\/www.skydive-ameland.nl\/de\/wp-json\/wp\/v2\/types\/page"}],"author":[{"embeddable":true,"href":"https:\/\/www.skydive-ameland.nl\/de\/wp-json\/wp\/v2\/users\/1"}],"replies":[{"embeddable":true,"href":"https:\/\/www.skydive-ameland.nl\/de\/wp-json\/wp\/v2\/comments?post=7423"}],"version-history":[{"count":10,"href":"https:\/\/www.skydive-ameland.nl\/de\/wp-json\/wp\/v2\/pages\/7423\/revisions"}],"predecessor-version":[{"id":7569,"href":"https:\/\/www.skydive-ameland.nl\/de\/wp-json\/wp\/v2\/pages\/7423\/revisions\/7569"}],"up":[{"embeddable":true,"href":"https:\/\/www.skydive-ameland.nl\/de\/wp-json\/wp\/v2\/pages\/7346"}],"wp:featuredmedia":[{"embeddable":true,"href":"https:\/\/www.skydive-ameland.nl\/de\/wp-json\/wp\/v2\/media\/7425"}],"wp:attachment":[{"href":"https:\/\/www.skydive-ameland.nl\/de\/wp-json\/wp\/v2\/media?parent=7423"}],"curies":[{"name":"wp","href":"https:\/\/api.w.org\/{rel}","templated":true}]}}